{"id":260,"date":"2023-02-16T23:55:36","date_gmt":"2023-02-16T22:55:36","guid":{"rendered":"https:\/\/vinissime.fr\/blog\/?page_id=260"},"modified":"2023-06-02T00:26:54","modified_gmt":"2023-06-01T22:26:54","slug":"technique-de-degustation","status":"publish","type":"page","link":"https:\/\/vinissime.fr\/blog\/technique-de-degustation\/","title":{"rendered":"La technique de d\u00e9gustation"},"content":{"rendered":"\n<p><\/p>\n\n\n\n<div class=\"wp-block-columns is-layout-flex wp-container-core-columns-is-layout-9d6595d7 wp-block-columns-is-layout-flex\">\n<div class=\"wp-block-column is-layout-flow wp-block-column-is-layout-flow\">\n<figure class=\"wp-block-image size-full\"><img loading=\"lazy\" decoding=\"async\" width=\"1024\" height=\"709\" src=\"https:\/\/vinissime.fr\/blog\/wp-content\/uploads\/2023\/03\/pexels-life-of-pix-3540-copie.jpg\" alt=\"\" class=\"wp-image-507\" srcset=\"https:\/\/vinissime.fr\/blog\/wp-content\/uploads\/2023\/03\/pexels-life-of-pix-3540-copie.jpg 1024w, https:\/\/vinissime.fr\/blog\/wp-content\/uploads\/2023\/03\/pexels-life-of-pix-3540-copie-300x208.jpg 300w, https:\/\/vinissime.fr\/blog\/wp-content\/uploads\/2023\/03\/pexels-life-of-pix-3540-copie-768x532.jpg 768w\" sizes=\"auto, (max-width: 1024px) 100vw, 1024px\" \/><\/figure>\n\n\n\n<h3 class=\"wp-block-heading has-roboto-sans-serif-font-font-family\">De la cave \u00e0 la table<\/h3>\n\n\n\n<p>La conservation, le service, la d\u00e9gustation. <\/p>\n\n\n\n<p>Dans cette rubrique <strong>Technique de d\u00e9gustation<\/strong>, nous allons vous faire parcourir les \u00e9tapes que suit une bouteille entre la cave et &#8230;<\/p>\n\n\n\n<p><a href=\"https:\/\/vinissime.fr\/blog\/de-la-cave-a-la-table\/\">Lire la suite &#8230;<\/a><\/p>\n<\/div>\n\n\n\n<div class=\"wp-block-column is-layout-flow wp-block-column-is-layout-flow\">\n<figure class=\"wp-block-image size-full\"><img loading=\"lazy\" decoding=\"async\" width=\"1024\" height=\"709\" src=\"https:\/\/vinissime.fr\/blog\/wp-content\/uploads\/2023\/02\/Degustation_1.jpg\" alt=\"\" class=\"wp-image-263\" srcset=\"https:\/\/vinissime.fr\/blog\/wp-content\/uploads\/2023\/02\/Degustation_1.jpg 1024w, https:\/\/vinissime.fr\/blog\/wp-content\/uploads\/2023\/02\/Degustation_1-300x208.jpg 300w, https:\/\/vinissime.fr\/blog\/wp-content\/uploads\/2023\/02\/Degustation_1-768x532.jpg 768w\" sizes=\"auto, (max-width: 1024px) 100vw, 1024px\" \/><\/figure>\n\n\n\n<h3 class=\"wp-block-heading has-roboto-sans-serif-font-font-family\">Robe, Ar\u00f4mes &amp; Go\u00fbt<\/h3>\n\n\n\n<p>La d\u00e9gustation du vin est une valse. <\/p>\n\n\n\n<p>Une valse \u00e0 trois temps, dans laquelle chaque temps est divis\u00e9 en trois phases mettant en \u0153uvre trois de nos sens.<\/p>\n\n\n\n<p><a href=\"https:\/\/vinissime.fr\/blog\/degustation-robe-aromes-et-gout\/\">Lire la suite &#8230;<\/a><\/p>\n<\/div>\n\n\n\n<div class=\"wp-block-column is-layout-flow wp-block-column-is-layout-flow\">\n<figure class=\"wp-block-image size-full\"><img loading=\"lazy\" decoding=\"async\" width=\"1024\" height=\"709\" src=\"https:\/\/vinissime.fr\/blog\/wp-content\/uploads\/2023\/02\/pexels-rodnae-productions-5847680-1.jpg\" alt=\"\" class=\"wp-image-266\" srcset=\"https:\/\/vinissime.fr\/blog\/wp-content\/uploads\/2023\/02\/pexels-rodnae-productions-5847680-1.jpg 1024w, https:\/\/vinissime.fr\/blog\/wp-content\/uploads\/2023\/02\/pexels-rodnae-productions-5847680-1-300x208.jpg 300w, https:\/\/vinissime.fr\/blog\/wp-content\/uploads\/2023\/02\/pexels-rodnae-productions-5847680-1-768x532.jpg 768w\" sizes=\"auto, (max-width: 1024px) 100vw, 1024px\" \/><\/figure>\n\n\n\n<h3 class=\"wp-block-heading has-roboto-sans-serif-font-font-family\">Carafer, pas carafer ?<\/h3>\n\n\n\n<p>En r\u00e8gle g\u00e9n\u00e9rale, carafer un vin va lui donner un \u00ab\u00a0petit plus\u00a0\u00bb pour le service.<\/p>\n\n\n\n<p>Mais est-ce toujours le cas ? Et comment s&rsquo;assurer que l&rsquo;on ne va pas tout g\u00e2cher ?<\/p>\n\n\n\n<p><a href=\"https:\/\/vinissime.fr\/blog\/servir-le-vin-carafer-ou-pas-carafer\/\">Lire la suite &#8230;<\/a><\/p>\n<\/div>\n<\/div>\n\n\n\n<div style=\"height:100px\" aria-hidden=\"true\" class=\"wp-block-spacer\"><\/div>\n","protected":false},"excerpt":{"rendered":"<p>De la cave \u00e0 la table La conservation, le service, la d\u00e9gustation. Dans cette rubrique Technique de d\u00e9gustation, nous allons vous faire parcourir les \u00e9tapes que suit une bouteille entre la cave et &#8230; Lire la suite &#8230; Robe, Ar\u00f4mes &amp; Go\u00fbt La d\u00e9gustation du vin est une valse. Une valse \u00e0 trois temps, dans [&hellip;]<\/p>\n","protected":false},"author":1,"featured_media":0,"parent":0,"menu_order":0,"comment_status":"closed","ping_status":"closed","template":"","meta":{"footnotes":""},"class_list":["post-260","page","type-page","status-publish","hentry"],"yoast_head":"<!-- This site is optimized with the Yoast SEO plugin v22.4 - https:\/\/yoast.com\/wordpress\/plugins\/seo\/ -->\n<title>La technique de d\u00e9gustation - Le Blog de Vinissime<\/title>\n<meta name=\"robots\" content=\"index, follow, max-snippet:-1, max-image-preview:large, max-video-preview:-1\" \/>\n<link rel=\"canonical\" href=\"https:\/\/vinissime.fr\/blog\/technique-de-degustation\/\" \/>\n<meta property=\"og:locale\" content=\"fr_FR\" \/>\n<meta property=\"og:type\" content=\"article\" \/>\n<meta property=\"og:title\" content=\"La technique de d\u00e9gustation - Le Blog de Vinissime\" \/>\n<meta property=\"og:description\" content=\"De la cave \u00e0 la table La conservation, le service, la d\u00e9gustation. Dans cette rubrique Technique de d\u00e9gustation, nous allons vous faire parcourir les \u00e9tapes que suit une bouteille entre la cave et &#8230; Lire la suite &#8230; Robe, Ar\u00f4mes &amp; Go\u00fbt La d\u00e9gustation du vin est une valse. Une valse \u00e0 trois temps, dans [&hellip;]\" \/>\n<meta property=\"og:url\" content=\"https:\/\/vinissime.fr\/blog\/technique-de-degustation\/\" \/>\n<meta property=\"og:site_name\" content=\"Le Blog de Vinissime\" \/>\n<meta property=\"article:modified_time\" content=\"2023-06-01T22:26:54+00:00\" \/>\n<meta property=\"og:image\" content=\"https:\/\/vinissime.fr\/blog\/wp-content\/uploads\/2023\/03\/pexels-life-of-pix-3540-copie.jpg\" \/>\n<meta name=\"twitter:card\" content=\"summary_large_image\" \/>\n<meta name=\"twitter:label1\" content=\"Dur\u00e9e de lecture estim\u00e9e\" \/>\n\t<meta name=\"twitter:data1\" content=\"2 minutes\" \/>\n<script type=\"application\/ld+json\" class=\"yoast-schema-graph\">{\"@context\":\"https:\/\/schema.org\",\"@graph\":[{\"@type\":\"WebPage\",\"@id\":\"https:\/\/vinissime.fr\/blog\/technique-de-degustation\/\",\"url\":\"https:\/\/vinissime.fr\/blog\/technique-de-degustation\/\",\"name\":\"La technique de d\u00e9gustation - Le Blog de Vinissime\",\"isPartOf\":{\"@id\":\"https:\/\/vinissime.fr\/blog\/#website\"},\"primaryImageOfPage\":{\"@id\":\"https:\/\/vinissime.fr\/blog\/technique-de-degustation\/#primaryimage\"},\"image\":{\"@id\":\"https:\/\/vinissime.fr\/blog\/technique-de-degustation\/#primaryimage\"},\"thumbnailUrl\":\"https:\/\/vinissime.fr\/blog\/wp-content\/uploads\/2023\/03\/pexels-life-of-pix-3540-copie.jpg\",\"datePublished\":\"2023-02-16T22:55:36+00:00\",\"dateModified\":\"2023-06-01T22:26:54+00:00\",\"breadcrumb\":{\"@id\":\"https:\/\/vinissime.fr\/blog\/technique-de-degustation\/#breadcrumb\"},\"inLanguage\":\"fr-FR\",\"potentialAction\":[{\"@type\":\"ReadAction\",\"target\":[\"https:\/\/vinissime.fr\/blog\/technique-de-degustation\/\"]}]},{\"@type\":\"ImageObject\",\"inLanguage\":\"fr-FR\",\"@id\":\"https:\/\/vinissime.fr\/blog\/technique-de-degustation\/#primaryimage\",\"url\":\"https:\/\/vinissime.fr\/blog\/wp-content\/uploads\/2023\/03\/pexels-life-of-pix-3540-copie.jpg\",\"contentUrl\":\"https:\/\/vinissime.fr\/blog\/wp-content\/uploads\/2023\/03\/pexels-life-of-pix-3540-copie.jpg\",\"width\":1024,\"height\":709},{\"@type\":\"BreadcrumbList\",\"@id\":\"https:\/\/vinissime.fr\/blog\/technique-de-degustation\/#breadcrumb\",\"itemListElement\":[{\"@type\":\"ListItem\",\"position\":1,\"name\":\"Accueil\",\"item\":\"https:\/\/vinissime.fr\/blog\/\"},{\"@type\":\"ListItem\",\"position\":2,\"name\":\"La technique de d\u00e9gustation\"}]},{\"@type\":\"WebSite\",\"@id\":\"https:\/\/vinissime.fr\/blog\/#website\",\"url\":\"https:\/\/vinissime.fr\/blog\/\",\"name\":\"Le Blog de Vinissime\",\"description\":\"\",\"potentialAction\":[{\"@type\":\"SearchAction\",\"target\":{\"@type\":\"EntryPoint\",\"urlTemplate\":\"https:\/\/vinissime.fr\/blog\/?s={search_term_string}\"},\"query-input\":\"required name=search_term_string\"}],\"inLanguage\":\"fr-FR\"}]}<\/script>\n<!-- \/ Yoast SEO plugin. -->","yoast_head_json":{"title":"La technique de d\u00e9gustation - Le Blog de Vinissime","robots":{"index":"index","follow":"follow","max-snippet":"max-snippet:-1","max-image-preview":"max-image-preview:large","max-video-preview":"max-video-preview:-1"},"canonical":"https:\/\/vinissime.fr\/blog\/technique-de-degustation\/","og_locale":"fr_FR","og_type":"article","og_title":"La technique de d\u00e9gustation - Le Blog de Vinissime","og_description":"De la cave \u00e0 la table La conservation, le service, la d\u00e9gustation. Dans cette rubrique Technique de d\u00e9gustation, nous allons vous faire parcourir les \u00e9tapes que suit une bouteille entre la cave et &#8230; Lire la suite &#8230; Robe, Ar\u00f4mes &amp; Go\u00fbt La d\u00e9gustation du vin est une valse. Une valse \u00e0 trois temps, dans [&hellip;]","og_url":"https:\/\/vinissime.fr\/blog\/technique-de-degustation\/","og_site_name":"Le Blog de Vinissime","article_modified_time":"2023-06-01T22:26:54+00:00","og_image":[{"url":"https:\/\/vinissime.fr\/blog\/wp-content\/uploads\/2023\/03\/pexels-life-of-pix-3540-copie.jpg"}],"twitter_card":"summary_large_image","twitter_misc":{"Dur\u00e9e de lecture estim\u00e9e":"2 minutes"},"schema":{"@context":"https:\/\/schema.org","@graph":[{"@type":"WebPage","@id":"https:\/\/vinissime.fr\/blog\/technique-de-degustation\/","url":"https:\/\/vinissime.fr\/blog\/technique-de-degustation\/","name":"La technique de d\u00e9gustation - Le Blog de Vinissime","isPartOf":{"@id":"https:\/\/vinissime.fr\/blog\/#website"},"primaryImageOfPage":{"@id":"https:\/\/vinissime.fr\/blog\/technique-de-degustation\/#primaryimage"},"image":{"@id":"https:\/\/vinissime.fr\/blog\/technique-de-degustation\/#primaryimage"},"thumbnailUrl":"https:\/\/vinissime.fr\/blog\/wp-content\/uploads\/2023\/03\/pexels-life-of-pix-3540-copie.jpg","datePublished":"2023-02-16T22:55:36+00:00","dateModified":"2023-06-01T22:26:54+00:00","breadcrumb":{"@id":"https:\/\/vinissime.fr\/blog\/technique-de-degustation\/#breadcrumb"},"inLanguage":"fr-FR","potentialAction":[{"@type":"ReadAction","target":["https:\/\/vinissime.fr\/blog\/technique-de-degustation\/"]}]},{"@type":"ImageObject","inLanguage":"fr-FR","@id":"https:\/\/vinissime.fr\/blog\/technique-de-degustation\/#primaryimage","url":"https:\/\/vinissime.fr\/blog\/wp-content\/uploads\/2023\/03\/pexels-life-of-pix-3540-copie.jpg","contentUrl":"https:\/\/vinissime.fr\/blog\/wp-content\/uploads\/2023\/03\/pexels-life-of-pix-3540-copie.jpg","width":1024,"height":709},{"@type":"BreadcrumbList","@id":"https:\/\/vinissime.fr\/blog\/technique-de-degustation\/#breadcrumb","itemListElement":[{"@type":"ListItem","position":1,"name":"Accueil","item":"https:\/\/vinissime.fr\/blog\/"},{"@type":"ListItem","position":2,"name":"La technique de d\u00e9gustation"}]},{"@type":"WebSite","@id":"https:\/\/vinissime.fr\/blog\/#website","url":"https:\/\/vinissime.fr\/blog\/","name":"Le Blog de Vinissime","description":"","potentialAction":[{"@type":"SearchAction","target":{"@type":"EntryPoint","urlTemplate":"https:\/\/vinissime.fr\/blog\/?s={search_term_string}"},"query-input":"required name=search_term_string"}],"inLanguage":"fr-FR"}]}},"_links":{"self":[{"href":"https:\/\/vinissime.fr\/blog\/wp-json\/wp\/v2\/pages\/260","targetHints":{"allow":["GET"]}}],"collection":[{"href":"https:\/\/vinissime.fr\/blog\/wp-json\/wp\/v2\/pages"}],"about":[{"href":"https:\/\/vinissime.fr\/blog\/wp-json\/wp\/v2\/types\/page"}],"author":[{"embeddable":true,"href":"https:\/\/vinissime.fr\/blog\/wp-json\/wp\/v2\/users\/1"}],"replies":[{"embeddable":true,"href":"https:\/\/vinissime.fr\/blog\/wp-json\/wp\/v2\/comments?post=260"}],"version-history":[{"count":14,"href":"https:\/\/vinissime.fr\/blog\/wp-json\/wp\/v2\/pages\/260\/revisions"}],"predecessor-version":[{"id":570,"href":"https:\/\/vinissime.fr\/blog\/wp-json\/wp\/v2\/pages\/260\/revisions\/570"}],"wp:attachment":[{"href":"https:\/\/vinissime.fr\/blog\/wp-json\/wp\/v2\/media?parent=260"}],"curies":[{"name":"wp","href":"https:\/\/api.w.org\/{rel}","templated":true}]}}