{"id":272,"date":"2023-02-17T22:54:04","date_gmt":"2023-02-17T21:54:04","guid":{"rendered":"https:\/\/vinissime.fr\/blog\/?page_id=272"},"modified":"2023-06-03T22:40:28","modified_gmt":"2023-06-03T20:40:28","slug":"gerer-sa-cave","status":"publish","type":"page","link":"https:\/\/vinissime.fr\/blog\/gerer-sa-cave\/","title":{"rendered":"G\u00e9rer sa cave"},"content":{"rendered":"\n<p>Si vous souhaitez vous constituer une cave, voici quelques points importants \u00e0 prendre en compte :<\/p>\n\n\n\n<ul class=\"wp-block-list\">\n<li>Comment choisir le lieu de conservation de vos bouteilles en fonction de vos contraintes, votre budget, vos objectifs ? <\/li>\n\n\n\n<li>Comment faire vivre sa cave : adapter vos achats \u00e0 votre consommation et \u00e0 la taille de votre cave, organiser le stockage de vos bouteilles pour savoir o\u00f9 est cach\u00e9e&nbsp;<strong>LA<\/strong>&nbsp;bouteille de ce nectar que l&rsquo;on vous avait offert, ou pour ne pas laisser passer l&rsquo;apog\u00e9e d&rsquo;un vin parce que vous ne saviez plus que cette bouteille \u00e9tait cach\u00e9e au milieu des autres.<\/li>\n\n\n\n<li>O\u00f9 s&rsquo;approvisionner pour trouver des bouteilles originales, vari\u00e9es, et entrant dans votre budget.<\/li>\n<\/ul>\n\n\n\n<p>C&rsquo;est \u00e0 ces quelques questions que nous essayons de r\u00e9pondre dans les articles ci-dessous.<\/p>\n\n\n\n<div class=\"wp-block-columns is-layout-flex wp-container-core-columns-is-layout-9d6595d7 wp-block-columns-is-layout-flex\">\n<div class=\"wp-block-column is-layout-flow wp-block-column-is-layout-flow\">\n<figure class=\"wp-block-image size-full\"><img loading=\"lazy\" decoding=\"async\" width=\"1024\" height=\"709\" src=\"https:\/\/vinissime.fr\/blog\/wp-content\/uploads\/2023\/02\/wine-cellar-g5ff9dfac0_1920.jpg\" alt=\"\" class=\"wp-image-278\" srcset=\"https:\/\/vinissime.fr\/blog\/wp-content\/uploads\/2023\/02\/wine-cellar-g5ff9dfac0_1920.jpg 1024w, https:\/\/vinissime.fr\/blog\/wp-content\/uploads\/2023\/02\/wine-cellar-g5ff9dfac0_1920-300x208.jpg 300w, https:\/\/vinissime.fr\/blog\/wp-content\/uploads\/2023\/02\/wine-cellar-g5ff9dfac0_1920-768x532.jpg 768w\" sizes=\"auto, (max-width: 1024px) 100vw, 1024px\" \/><\/figure>\n\n\n\n<h3 class=\"wp-block-heading has-text-color has-roboto-sans-serif-font-font-family\" style=\"color:#b92010\">Armoire, cave creus\u00e9e, &#8230; Comment choisir sa cave ?<\/h3>\n\n\n\n<p>Armoire d\u00e9di\u00e9e \u00e0 la conservation du vin, cave creus\u00e9e sp\u00e9cialement pour cet usage, am\u00e9nagement d&rsquo;une cave existante &#8230;<\/p>\n\n\n\n<p>Avantages, inconv\u00e9nients, co\u00fbts, limites. On vous dit (presque) tout. <\/p>\n\n\n\n<p><a href=\"https:\/\/vinissime.fr\/blog\/armoire-cave-creusee-comment-choisir-sa-cave-a-vin\/\">Lire la suite<\/a><\/p>\n<\/div>\n\n\n\n<div class=\"wp-block-column is-layout-flow wp-block-column-is-layout-flow\" style=\"flex-basis:1px\"><\/div>\n\n\n\n<div class=\"wp-block-column is-layout-flow wp-block-column-is-layout-flow\">\n<figure class=\"wp-block-image size-full\"><img loading=\"lazy\" decoding=\"async\" width=\"1024\" height=\"709\" src=\"https:\/\/vinissime.fr\/blog\/wp-content\/uploads\/2023\/02\/degustation_3-2.jpg\" alt=\"\" class=\"wp-image-275\" srcset=\"https:\/\/vinissime.fr\/blog\/wp-content\/uploads\/2023\/02\/degustation_3-2.jpg 1024w, https:\/\/vinissime.fr\/blog\/wp-content\/uploads\/2023\/02\/degustation_3-2-300x208.jpg 300w, https:\/\/vinissime.fr\/blog\/wp-content\/uploads\/2023\/02\/degustation_3-2-768x532.jpg 768w\" sizes=\"auto, (max-width: 1024px) 100vw, 1024px\" \/><\/figure>\n\n\n\n<h3 class=\"wp-block-heading has-text-color has-roboto-sans-serif-font-font-family\" style=\"color:#b92010\">Faire vivre sa cave : conseils pratiques<\/h3>\n\n\n\n<p>Vous avez de quoi conserver vos bouteilles ? c&rsquo;est maintenant que les ennuis commencent &#8230;<\/p>\n\n\n\n<p>Ranger sa cave, g\u00e9rer le stock, savoir sortir la bonne bouteilles au bon moment, toute une organisation.<\/p>\n\n\n\n<p><a href=\"https:\/\/vinissime.fr\/blog\/faire-vivre-sa-cave\/\">Lire la suite <\/a><\/p>\n<\/div>\n\n\n\n<div class=\"wp-block-column is-layout-flow wp-block-column-is-layout-flow\" style=\"flex-basis:1px\"><\/div>\n\n\n\n<div class=\"wp-block-column is-layout-flow wp-block-column-is-layout-flow\">\n<figure class=\"wp-block-image size-full\"><img loading=\"lazy\" decoding=\"async\" width=\"1024\" height=\"709\" src=\"https:\/\/vinissime.fr\/blog\/wp-content\/uploads\/2023\/02\/ou_acheter_vin.jpg\" alt=\"\" class=\"wp-image-276\" srcset=\"https:\/\/vinissime.fr\/blog\/wp-content\/uploads\/2023\/02\/ou_acheter_vin.jpg 1024w, https:\/\/vinissime.fr\/blog\/wp-content\/uploads\/2023\/02\/ou_acheter_vin-300x208.jpg 300w, https:\/\/vinissime.fr\/blog\/wp-content\/uploads\/2023\/02\/ou_acheter_vin-768x532.jpg 768w\" sizes=\"auto, (max-width: 1024px) 100vw, 1024px\" \/><\/figure>\n\n\n\n<h3 class=\"wp-block-heading has-text-color has-roboto-sans-serif-font-font-family\" style=\"color:#b92010\">Cavistes, vignerons, &#8230; o\u00f9 s&rsquo;approvisionner ?<\/h3>\n\n\n\n<p>Les possibilit\u00e9s d&rsquo;acc\u00e9der \u00e0 de belles bouteilles sont multiples. Mais dans tous les cas, cette d\u00e9marche demande un peu de temps et de pr\u00e9paration. <\/p>\n\n\n\n<p>Voici quelques retours d&rsquo;exp\u00e9rience \u00e9prouv\u00e9s.<\/p>\n\n\n\n<p><a href=\"https:\/\/vinissime.fr\/blog\/ou-acheter-son-vin\/\">Lire la suite<\/a><\/p>\n<\/div>\n<\/div>\n","protected":false},"excerpt":{"rendered":"<p>Si vous souhaitez vous constituer une cave, voici quelques points importants \u00e0 prendre en compte : C&rsquo;est \u00e0 ces quelques questions que nous essayons de r\u00e9pondre dans les articles ci-dessous. Armoire, cave creus\u00e9e, &#8230; Comment choisir sa cave ? Armoire d\u00e9di\u00e9e \u00e0 la conservation du vin, cave creus\u00e9e sp\u00e9cialement pour cet usage, am\u00e9nagement d&rsquo;une cave [&hellip;]<\/p>\n","protected":false},"author":1,"featured_media":0,"parent":0,"menu_order":0,"comment_status":"closed","ping_status":"closed","template":"","meta":{"footnotes":""},"class_list":["post-272","page","type-page","status-publish","hentry"],"yoast_head":"<!-- This site is optimized with the Yoast SEO plugin v22.4 - https:\/\/yoast.com\/wordpress\/plugins\/seo\/ -->\n<title>G\u00e9rer sa cave - Le Blog de Vinissime<\/title>\n<meta name=\"robots\" content=\"index, follow, max-snippet:-1, max-image-preview:large, max-video-preview:-1\" \/>\n<link rel=\"canonical\" href=\"https:\/\/vinissime.fr\/blog\/gerer-sa-cave\/\" \/>\n<meta property=\"og:locale\" content=\"fr_FR\" \/>\n<meta property=\"og:type\" content=\"article\" \/>\n<meta property=\"og:title\" content=\"G\u00e9rer sa cave - Le Blog de Vinissime\" \/>\n<meta property=\"og:description\" content=\"Si vous souhaitez vous constituer une cave, voici quelques points importants \u00e0 prendre en compte : C&rsquo;est \u00e0 ces quelques questions que nous essayons de r\u00e9pondre dans les articles ci-dessous. Armoire, cave creus\u00e9e, &#8230; Comment choisir sa cave ? Armoire d\u00e9di\u00e9e \u00e0 la conservation du vin, cave creus\u00e9e sp\u00e9cialement pour cet usage, am\u00e9nagement d&rsquo;une cave [&hellip;]\" \/>\n<meta property=\"og:url\" content=\"https:\/\/vinissime.fr\/blog\/gerer-sa-cave\/\" \/>\n<meta property=\"og:site_name\" content=\"Le Blog de Vinissime\" \/>\n<meta property=\"article:modified_time\" content=\"2023-06-03T20:40:28+00:00\" \/>\n<meta property=\"og:image\" content=\"https:\/\/vinissime.fr\/blog\/wp-content\/uploads\/2023\/02\/wine-cellar-g5ff9dfac0_1920.jpg\" \/>\n<meta name=\"twitter:card\" content=\"summary_large_image\" \/>\n<meta name=\"twitter:label1\" content=\"Dur\u00e9e de lecture estim\u00e9e\" \/>\n\t<meta name=\"twitter:data1\" content=\"2 minutes\" \/>\n<script type=\"application\/ld+json\" class=\"yoast-schema-graph\">{\"@context\":\"https:\/\/schema.org\",\"@graph\":[{\"@type\":\"WebPage\",\"@id\":\"https:\/\/vinissime.fr\/blog\/gerer-sa-cave\/\",\"url\":\"https:\/\/vinissime.fr\/blog\/gerer-sa-cave\/\",\"name\":\"G\u00e9rer sa cave - Le Blog de Vinissime\",\"isPartOf\":{\"@id\":\"https:\/\/vinissime.fr\/blog\/#website\"},\"primaryImageOfPage\":{\"@id\":\"https:\/\/vinissime.fr\/blog\/gerer-sa-cave\/#primaryimage\"},\"image\":{\"@id\":\"https:\/\/vinissime.fr\/blog\/gerer-sa-cave\/#primaryimage\"},\"thumbnailUrl\":\"https:\/\/vinissime.fr\/blog\/wp-content\/uploads\/2023\/02\/wine-cellar-g5ff9dfac0_1920.jpg\",\"datePublished\":\"2023-02-17T21:54:04+00:00\",\"dateModified\":\"2023-06-03T20:40:28+00:00\",\"breadcrumb\":{\"@id\":\"https:\/\/vinissime.fr\/blog\/gerer-sa-cave\/#breadcrumb\"},\"inLanguage\":\"fr-FR\",\"potentialAction\":[{\"@type\":\"ReadAction\",\"target\":[\"https:\/\/vinissime.fr\/blog\/gerer-sa-cave\/\"]}]},{\"@type\":\"ImageObject\",\"inLanguage\":\"fr-FR\",\"@id\":\"https:\/\/vinissime.fr\/blog\/gerer-sa-cave\/#primaryimage\",\"url\":\"https:\/\/vinissime.fr\/blog\/wp-content\/uploads\/2023\/02\/wine-cellar-g5ff9dfac0_1920.jpg\",\"contentUrl\":\"https:\/\/vinissime.fr\/blog\/wp-content\/uploads\/2023\/02\/wine-cellar-g5ff9dfac0_1920.jpg\",\"width\":1024,\"height\":709,\"caption\":\"Cave \u00e0 vin\"},{\"@type\":\"BreadcrumbList\",\"@id\":\"https:\/\/vinissime.fr\/blog\/gerer-sa-cave\/#breadcrumb\",\"itemListElement\":[{\"@type\":\"ListItem\",\"position\":1,\"name\":\"Accueil\",\"item\":\"https:\/\/vinissime.fr\/blog\/\"},{\"@type\":\"ListItem\",\"position\":2,\"name\":\"G\u00e9rer sa cave\"}]},{\"@type\":\"WebSite\",\"@id\":\"https:\/\/vinissime.fr\/blog\/#website\",\"url\":\"https:\/\/vinissime.fr\/blog\/\",\"name\":\"Le Blog de Vinissime\",\"description\":\"\",\"potentialAction\":[{\"@type\":\"SearchAction\",\"target\":{\"@type\":\"EntryPoint\",\"urlTemplate\":\"https:\/\/vinissime.fr\/blog\/?s={search_term_string}\"},\"query-input\":\"required name=search_term_string\"}],\"inLanguage\":\"fr-FR\"}]}<\/script>\n<!-- \/ Yoast SEO plugin. -->","yoast_head_json":{"title":"G\u00e9rer sa cave - Le Blog de Vinissime","robots":{"index":"index","follow":"follow","max-snippet":"max-snippet:-1","max-image-preview":"max-image-preview:large","max-video-preview":"max-video-preview:-1"},"canonical":"https:\/\/vinissime.fr\/blog\/gerer-sa-cave\/","og_locale":"fr_FR","og_type":"article","og_title":"G\u00e9rer sa cave - Le Blog de Vinissime","og_description":"Si vous souhaitez vous constituer une cave, voici quelques points importants \u00e0 prendre en compte : C&rsquo;est \u00e0 ces quelques questions que nous essayons de r\u00e9pondre dans les articles ci-dessous. Armoire, cave creus\u00e9e, &#8230; Comment choisir sa cave ? Armoire d\u00e9di\u00e9e \u00e0 la conservation du vin, cave creus\u00e9e sp\u00e9cialement pour cet usage, am\u00e9nagement d&rsquo;une cave [&hellip;]","og_url":"https:\/\/vinissime.fr\/blog\/gerer-sa-cave\/","og_site_name":"Le Blog de Vinissime","article_modified_time":"2023-06-03T20:40:28+00:00","og_image":[{"url":"https:\/\/vinissime.fr\/blog\/wp-content\/uploads\/2023\/02\/wine-cellar-g5ff9dfac0_1920.jpg"}],"twitter_card":"summary_large_image","twitter_misc":{"Dur\u00e9e de lecture estim\u00e9e":"2 minutes"},"schema":{"@context":"https:\/\/schema.org","@graph":[{"@type":"WebPage","@id":"https:\/\/vinissime.fr\/blog\/gerer-sa-cave\/","url":"https:\/\/vinissime.fr\/blog\/gerer-sa-cave\/","name":"G\u00e9rer sa cave - Le Blog de Vinissime","isPartOf":{"@id":"https:\/\/vinissime.fr\/blog\/#website"},"primaryImageOfPage":{"@id":"https:\/\/vinissime.fr\/blog\/gerer-sa-cave\/#primaryimage"},"image":{"@id":"https:\/\/vinissime.fr\/blog\/gerer-sa-cave\/#primaryimage"},"thumbnailUrl":"https:\/\/vinissime.fr\/blog\/wp-content\/uploads\/2023\/02\/wine-cellar-g5ff9dfac0_1920.jpg","datePublished":"2023-02-17T21:54:04+00:00","dateModified":"2023-06-03T20:40:28+00:00","breadcrumb":{"@id":"https:\/\/vinissime.fr\/blog\/gerer-sa-cave\/#breadcrumb"},"inLanguage":"fr-FR","potentialAction":[{"@type":"ReadAction","target":["https:\/\/vinissime.fr\/blog\/gerer-sa-cave\/"]}]},{"@type":"ImageObject","inLanguage":"fr-FR","@id":"https:\/\/vinissime.fr\/blog\/gerer-sa-cave\/#primaryimage","url":"https:\/\/vinissime.fr\/blog\/wp-content\/uploads\/2023\/02\/wine-cellar-g5ff9dfac0_1920.jpg","contentUrl":"https:\/\/vinissime.fr\/blog\/wp-content\/uploads\/2023\/02\/wine-cellar-g5ff9dfac0_1920.jpg","width":1024,"height":709,"caption":"Cave \u00e0 vin"},{"@type":"BreadcrumbList","@id":"https:\/\/vinissime.fr\/blog\/gerer-sa-cave\/#breadcrumb","itemListElement":[{"@type":"ListItem","position":1,"name":"Accueil","item":"https:\/\/vinissime.fr\/blog\/"},{"@type":"ListItem","position":2,"name":"G\u00e9rer sa cave"}]},{"@type":"WebSite","@id":"https:\/\/vinissime.fr\/blog\/#website","url":"https:\/\/vinissime.fr\/blog\/","name":"Le Blog de Vinissime","description":"","potentialAction":[{"@type":"SearchAction","target":{"@type":"EntryPoint","urlTemplate":"https:\/\/vinissime.fr\/blog\/?s={search_term_string}"},"query-input":"required name=search_term_string"}],"inLanguage":"fr-FR"}]}},"_links":{"self":[{"href":"https:\/\/vinissime.fr\/blog\/wp-json\/wp\/v2\/pages\/272","targetHints":{"allow":["GET"]}}],"collection":[{"href":"https:\/\/vinissime.fr\/blog\/wp-json\/wp\/v2\/pages"}],"about":[{"href":"https:\/\/vinissime.fr\/blog\/wp-json\/wp\/v2\/types\/page"}],"author":[{"embeddable":true,"href":"https:\/\/vinissime.fr\/blog\/wp-json\/wp\/v2\/users\/1"}],"replies":[{"embeddable":true,"href":"https:\/\/vinissime.fr\/blog\/wp-json\/wp\/v2\/comments?post=272"}],"version-history":[{"count":20,"href":"https:\/\/vinissime.fr\/blog\/wp-json\/wp\/v2\/pages\/272\/revisions"}],"predecessor-version":[{"id":601,"href":"https:\/\/vinissime.fr\/blog\/wp-json\/wp\/v2\/pages\/272\/revisions\/601"}],"wp:attachment":[{"href":"https:\/\/vinissime.fr\/blog\/wp-json\/wp\/v2\/media?parent=272"}],"curies":[{"name":"wp","href":"https:\/\/api.w.org\/{rel}","templated":true}]}}